{"id":233,"date":"2021-07-29T15:53:13","date_gmt":"2021-07-29T13:53:13","guid":{"rendered":"http:\/\/marquepageleognan.fr\/wordpress\/?page_id=233"},"modified":"2021-09-23T14:31:56","modified_gmt":"2021-09-23T12:31:56","slug":"les-partenaires","status":"publish","type":"page","link":"https:\/\/marquepageleognan.fr\/wordpress\/index.php\/qui-sommes-nous\/les-partenaires\/","title":{"rendered":"Les partenaires"},"content":{"rendered":"\n<p>Nous soutiennent : La Municipalit\u00e9 de L\u00e9ognan, Le D\u00e9partement de Gironde, La Communaut\u00e9 de Communes de Montesquieu, L&rsquo;espace culturel Georges Brassens de L\u00e9ognan,&nbsp; La biblioth\u00e8que de L\u00e9ognan,&nbsp;L&rsquo;office municipal socio-culturel, La fcpe du coll\u00e8ge de L\u00e9ognan, La fcpe primaire de L\u00e9ognan, Les enseignants , Le Leclerc de L\u00e9ognan, La librairie Mollat, Le caf\u00e9 michel-terra etica, Le r\u00e9seau Gironde petite enfance, La r\u00e9serve g\u00e9ologique de Saucats, Le Cr\u00e9dit Mutuel de Sud Ouest de L\u00e9ognan, &#8230;<\/p>\n\n\n\n<figure class=\"wp-container-2 wp-block-gallery-1 wp-block-gallery columns-3\"><ul class=\"blocks-gallery-grid\"><li class=\"blocks-gallery-item\"><figure><img loading=\"lazy\" width=\"300\" height=\"136\" src=\"https:\/\/marquepageleognan.fr\/wordpress\/wp-content\/uploads\/2021\/07\/Nouveau_logo_leognan-300x136.png\" alt=\". .\" data-id=\"244\" data-full-url=\"https:\/\/marquepageleognan.fr\/wordpress\/wp-content\/uploads\/2021\/07\/Nouveau_logo_leognan.png\" data-link=\"https:\/\/marquepageleognan.fr\/wordpress\/index.php\/qui-sommes-nous\/les-partenaires\/nouveau_logo_leognan\/\" class=\"wp-image-244\" srcset=\"https:\/\/marquepageleognan.fr\/wordpress\/wp-content\/uploads\/2021\/07\/Nouveau_logo_leognan-300x136.png 300w, https:\/\/marquepageleognan.fr\/wordpress\/wp-content\/uploads\/2021\/07\/Nouveau_logo_leognan.png 440w\" sizes=\"(max-width: 300px) 100vw, 300px\" \/><\/figure><\/li><li class=\"blocks-gallery-item\"><figure><img loading=\"lazy\" width=\"300\" height=\"213\" src=\"https:\/\/marquepageleognan.fr\/wordpress\/wp-content\/uploads\/2021\/09\/DEPARTEMENT_SITE-vecto-pdf-300x213.jpg\" alt=\"\" data-id=\"386\" data-full-url=\"https:\/\/marquepageleognan.fr\/wordpress\/wp-content\/uploads\/2021\/09\/DEPARTEMENT_SITE-vecto-pdf.jpg\" data-link=\"https:\/\/marquepageleognan.fr\/wordpress\/index.php\/qui-sommes-nous\/departement_site-vecto\/\" class=\"wp-image-386\"\/><\/figure><\/li><li class=\"blocks-gallery-item\"><figure><img loading=\"lazy\" width=\"255\" height=\"300\" src=\"https:\/\/marquepageleognan.fr\/wordpress\/wp-content\/uploads\/2021\/07\/CC_Montesquieu_Logo-255x300.gif\" alt=\". .\" data-id=\"238\" data-full-url=\"https:\/\/marquepageleognan.fr\/wordpress\/wp-content\/uploads\/2021\/07\/CC_Montesquieu_Logo-e1632356105897.gif\" data-link=\"https:\/\/marquepageleognan.fr\/wordpress\/index.php\/qui-sommes-nous\/les-partenaires\/cc_montesquieu_logo\/\" class=\"wp-image-238\"\/><\/figure><\/li><li class=\"blocks-gallery-item\"><figure><img loading=\"lazy\" width=\"150\" height=\"150\" src=\"https:\/\/marquepageleognan.fr\/wordpress\/wp-content\/uploads\/2021\/07\/ecgb-150x150.jpg\" alt=\". .\" data-id=\"240\" data-full-url=\"https:\/\/marquepageleognan.fr\/wordpress\/wp-content\/uploads\/2021\/07\/ecgb.jpg\" data-link=\"https:\/\/marquepageleognan.fr\/wordpress\/index.php\/qui-sommes-nous\/les-partenaires\/ecgb\/\" class=\"wp-image-240\" srcset=\"https:\/\/marquepageleognan.fr\/wordpress\/wp-content\/uploads\/2021\/07\/ecgb-150x150.jpg 150w, https:\/\/marquepageleognan.fr\/wordpress\/wp-content\/uploads\/2021\/07\/ecgb-100x100.jpg 100w, https:\/\/marquepageleognan.fr\/wordpress\/wp-content\/uploads\/2021\/07\/ecgb-50x50.jpg 50w, https:\/\/marquepageleognan.fr\/wordpress\/wp-content\/uploads\/2021\/07\/ecgb.jpg 160w\" sizes=\"(max-width: 150px) 100vw, 150px\" \/><\/figure><\/li><li class=\"blocks-gallery-item\"><figure><img loading=\"lazy\" width=\"300\" height=\"82\" src=\"https:\/\/marquepageleognan.fr\/wordpress\/wp-content\/uploads\/2021\/07\/enVoitureSimone-300x82.jpg\" alt=\". .\" data-id=\"241\" data-full-url=\"https:\/\/marquepageleognan.fr\/wordpress\/wp-content\/uploads\/2021\/07\/enVoitureSimone.jpg\" data-link=\"https:\/\/marquepageleognan.fr\/wordpress\/index.php\/qui-sommes-nous\/les-partenaires\/envoituresimone\/\" class=\"wp-image-241\" srcset=\"https:\/\/marquepageleognan.fr\/wordpress\/wp-content\/uploads\/2021\/07\/enVoitureSimone-300x82.jpg 300w, https:\/\/marquepageleognan.fr\/wordpress\/wp-content\/uploads\/2021\/07\/enVoitureSimone-1024x279.jpg 1024w, https:\/\/marquepageleognan.fr\/wordpress\/wp-content\/uploads\/2021\/07\/enVoitureSimone-768x209.jpg 768w, https:\/\/marquepageleognan.fr\/wordpress\/wp-content\/uploads\/2021\/07\/enVoitureSimone.jpg 1200w\" sizes=\"(max-width: 300px) 100vw, 300px\" \/><\/figure><\/li><li class=\"blocks-gallery-item\"><figure><img loading=\"lazy\" width=\"300\" height=\"75\" src=\"https:\/\/marquepageleognan.fr\/wordpress\/wp-content\/uploads\/2021\/07\/bibli-leognan_logo-300x75.jpg\" alt=\". .\" data-id=\"237\" data-full-url=\"https:\/\/marquepageleognan.fr\/wordpress\/wp-content\/uploads\/2021\/07\/bibli-leognan_logo.jpg\" data-link=\"https:\/\/marquepageleognan.fr\/wordpress\/index.php\/qui-sommes-nous\/les-partenaires\/bibli-leognan_logo\/\" class=\"wp-image-237\" srcset=\"https:\/\/marquepageleognan.fr\/wordpress\/wp-content\/uploads\/2021\/07\/bibli-leognan_logo-300x75.jpg 300w, https:\/\/marquepageleognan.fr\/wordpress\/wp-content\/uploads\/2021\/07\/bibli-leognan_logo-768x192.jpg 768w, https:\/\/marquepageleognan.fr\/wordpress\/wp-content\/uploads\/2021\/07\/bibli-leognan_logo.jpg 800w\" sizes=\"(max-width: 300px) 100vw, 300px\" \/><\/figure><\/li><\/ul><\/figure>\n\n\n\n<p><strong>&nbsp;Un merci sp\u00e9cial \u00e0 beaucoup d&rsquo;associations L\u00e9ognanaises !&nbsp;<\/strong><\/p>\n\n\n\n<p><\/p>\n","protected":false},"excerpt":{"rendered":"<p>Nous soutiennent : La Municipalit\u00e9 de L\u00e9ognan, Le D\u00e9partement de Gironde, La Communaut\u00e9 de Communes de Montesquieu, L&rsquo;espace culturel Georges Brassens de L\u00e9ognan,&nbsp; La biblioth\u00e8que de L\u00e9ognan,&nbsp;L&rsquo;office municipal socio-culturel, La fcpe du&hellip;<\/p>\n<p><a class=\"excerpt-readmore\" href=\"https:\/\/marquepageleognan.fr\/wordpress\/index.php\/qui-sommes-nous\/les-partenaires\/\">Read More<\/a><\/p>\n","protected":false},"author":1,"featured_media":0,"parent":325,"menu_order":0,"comment_status":"closed","ping_status":"closed","template":"","meta":[],"_links":{"self":[{"href":"https:\/\/marquepageleognan.fr\/wordpress\/index.php\/wp-json\/wp\/v2\/pages\/233"}],"collection":[{"href":"https:\/\/marquepageleognan.fr\/wordpress\/index.php\/wp-json\/wp\/v2\/pages"}],"about":[{"href":"https:\/\/marquepageleognan.fr\/wordpress\/index.php\/wp-json\/wp\/v2\/types\/page"}],"author":[{"embeddable":true,"href":"https:\/\/marquepageleognan.fr\/wordpress\/index.php\/wp-json\/wp\/v2\/users\/1"}],"replies":[{"embeddable":true,"href":"https:\/\/marquepageleognan.fr\/wordpress\/index.php\/wp-json\/wp\/v2\/comments?post=233"}],"version-history":[{"count":0,"href":"https:\/\/marquepageleognan.fr\/wordpress\/index.php\/wp-json\/wp\/v2\/pages\/233\/revisions"}],"up":[{"embeddable":true,"href":"https:\/\/marquepageleognan.fr\/wordpress\/index.php\/wp-json\/wp\/v2\/pages\/325"}],"wp:attachment":[{"href":"https:\/\/marquepageleognan.fr\/wordpress\/index.php\/wp-json\/wp\/v2\/media?parent=233"}],"curies":[{"name":"wp","href":"https:\/\/api.w.org\/{rel}","templated":true}]}}