{"id":325,"date":"2021-09-22T11:43:01","date_gmt":"2021-09-22T09:43:01","guid":{"rendered":"https:\/\/marquepageleognan.fr\/wordpress\/?page_id=325"},"modified":"2021-09-23T14:31:30","modified_gmt":"2021-09-23T12:31:30","slug":"qui-sommes-nous","status":"publish","type":"page","link":"https:\/\/marquepageleognan.fr\/wordpress\/index.php\/qui-sommes-nous\/","title":{"rendered":"Qui sommes-nous ?"},"content":{"rendered":"\n<p>MarquePage est une association de L\u00e9ognan (33) qui a pour objet d&rsquo;organiser des actions autour des livres, afin de promouvoir la lecture.&nbsp;MarquePage participe \u00e0 de nombreuses manifestations communales.<br>MarquePage organise<\/p>\n\n\n\n<ul><li>depuis sa cr\u00e9ation : \u00ab\u00a0La F\u00eate du livre Jeunesse &amp; BD de L\u00e9ognan\u00a0\u00bb au mois de novembre pendant une semaine.<\/li><li>depuis mai 2012, en collaboration avec la mairie de L\u00e9ognan, un vide-grenier sp\u00e9cial Livres \u00ab\u00a0Livres \u00e0 la rue\u00a0\u00bb<\/li><\/ul>\n\n\n\n<p class=\"has-luminous-vivid-orange-color has-text-color\"><strong>Avant tout, sans les adh\u00e9rents, l&rsquo;association n&rsquo;existerait pas !<\/strong><\/p>\n\n\n\n<p>POURQUOI ADHERER A L&rsquo;ASSOCIATION MARQUEPAGE?<\/p>\n\n\n\n<p>&#8211; Pour soutenir l&rsquo;association<br>&#8211; Pour prendre une part active dans les activit\u00e9s de l&rsquo;association<br>&#8211; Pour \u00eatre assur\u00e9 lors des diff\u00e9rentes activit\u00e9s<br>&#8211; Pour \u00eatre connu de l&rsquo;association<br>&#8211; Pour pouvoir voter \u00e0 l&rsquo;assembl\u00e9e g\u00e9n\u00e9rale et ainsi d\u00e9cider des orientations de l&rsquo;association<br>&#8211; Profiter des activit\u00e9s pour les adh\u00e9rents (repas, &#8230;)<br>&#8211; Pour permettre \u00e0 l&rsquo;association de prendre en charge ses frais (assurance, &#8230;)<br><\/p>\n\n\n\n<blockquote class=\"wp-block-quote is-style-default\"><p>&nbsp;<strong>Pour continuer \u00e0 exister, \u00e0 \u00e9voluer, MarquePage a besoin de vous, de votre adh\u00e9sion, de votre participation active.<\/strong><\/p><\/blockquote>\n\n\n\n<p><strong>Sans oublier que chacun s&rsquo;implique comme il veut, comme il peut &#8230;<\/strong><\/p>\n\n\n\n<p>Tarif adh\u00e9sion : 5\u20ac par an (ou plus !). Les adh\u00e9sions sont valid\u00e9es par le bureau.<\/p>\n\n\n\n<ul><li><a href=\"https:\/\/www.helloasso.com\/associations\/marquepage\" target=\"_blank\" rel=\"noreferrer noopener\">Adh\u00e9rer via le site HelloAsso<\/a><\/li><li>ou bulletin d&rsquo;adh\u00e9sion \u00e0 demander via la page de contact <\/li><\/ul>\n","protected":false},"excerpt":{"rendered":"<p>MarquePage est une association de L\u00e9ognan (33) qui a pour objet d&rsquo;organiser des actions autour des livres, afin de promouvoir la lecture.&nbsp;MarquePage participe \u00e0 de nombreuses manifestations communales.MarquePage organise depuis sa cr\u00e9ation&hellip;<\/p>\n<p><a class=\"excerpt-readmore\" href=\"https:\/\/marquepageleognan.fr\/wordpress\/index.php\/qui-sommes-nous\/\">Read More<\/a><\/p>\n","protected":false},"author":1,"featured_media":0,"parent":0,"menu_order":0,"comment_status":"closed","ping_status":"closed","template":"","meta":[],"_links":{"self":[{"href":"https:\/\/marquepageleognan.fr\/wordpress\/index.php\/wp-json\/wp\/v2\/pages\/325"}],"collection":[{"href":"https:\/\/marquepageleognan.fr\/wordpress\/index.php\/wp-json\/wp\/v2\/pages"}],"about":[{"href":"https:\/\/marquepageleognan.fr\/wordpress\/index.php\/wp-json\/wp\/v2\/types\/page"}],"author":[{"embeddable":true,"href":"https:\/\/marquepageleognan.fr\/wordpress\/index.php\/wp-json\/wp\/v2\/users\/1"}],"replies":[{"embeddable":true,"href":"https:\/\/marquepageleognan.fr\/wordpress\/index.php\/wp-json\/wp\/v2\/comments?post=325"}],"version-history":[{"count":0,"href":"https:\/\/marquepageleognan.fr\/wordpress\/index.php\/wp-json\/wp\/v2\/pages\/325\/revisions"}],"wp:attachment":[{"href":"https:\/\/marquepageleognan.fr\/wordpress\/index.php\/wp-json\/wp\/v2\/media?parent=325"}],"curies":[{"name":"wp","href":"https:\/\/api.w.org\/{rel}","templated":true}]}}