{"id":332,"date":"2021-09-22T11:46:08","date_gmt":"2021-09-22T09:46:08","guid":{"rendered":"https:\/\/marquepageleognan.fr\/wordpress\/?page_id=332"},"modified":"2025-10-03T01:17:56","modified_gmt":"2025-10-02T23:17:56","slug":"archives","status":"publish","type":"page","link":"https:\/\/marquepageleognan.fr\/wordpress\/index.php\/archives\/","title":{"rendered":"Et avant&#8230;"},"content":{"rendered":"\n<p><a href=\"https:\/\/marquepageleognan.fr\/wordpress\/index.php\/2024\/11\/08\/fete-du-livre-jeunesse-et-bd-2024-2\/\" data-type=\"post\" data-id=\"716\">F\u00eate du Livre 2024<\/a><\/p>\n\n\n\n<p><a href=\"https:\/\/marquepageleognan.fr\/wordpress\/index.php\/fete-du-livre-jeunesse-et-bd-2023\/\">F\u00eate du Livre 2023<\/a><\/p>\n\n\n\n<p><a href=\"https:\/\/marquepageleognan.fr\/wordpress\/index.php\/livres-a-la-rue\/\" data-type=\"page\" data-id=\"323\">Livres \u00e0 la rue 2023<\/a><\/p>\n\n\n\n<p><a href=\"https:\/\/marquepageleognan.fr\/wordpress\/index.php\/fete-du-livre-jeunesse-et-bd-2022\/\" data-type=\"URL\" data-id=\"https:\/\/marquepageleognan.fr\/wordpress\/index.php\/fete-du-livre-jeunesse-et-bd-2022\/\" target=\"_blank\" rel=\"noreferrer noopener\">F\u00eate du Livre 2022<\/a><\/p>\n\n\n\n<p><a href=\"https:\/\/marquepageleognan.fr\/wordpress\/index.php\/fete-du-livre-jeunesse-et-bd\/\">F\u00eate du Livre 2021<\/a><\/p>\n\n\n\n<figure class=\"wp-container-2 wp-block-gallery-1 wp-block-gallery has-nested-images columns-4 is-cropped\">\n<figure class=\"wp-block-image size-large\"><img loading=\"lazy\" width=\"724\" height=\"1024\" data-id=\"142\"  src=\"https:\/\/marquepageleognan.fr\/wordpress\/wp-content\/uploads\/2021\/07\/affiche2011-724x1024.jpg\" alt=\"\" class=\"wp-image-142\" srcset=\"https:\/\/marquepageleognan.fr\/wordpress\/wp-content\/uploads\/2021\/07\/affiche2011-724x1024.jpg 724w, https:\/\/marquepageleognan.fr\/wordpress\/wp-content\/uploads\/2021\/07\/affiche2011-212x300.jpg 212w, https:\/\/marquepageleognan.fr\/wordpress\/wp-content\/uploads\/2021\/07\/affiche2011-768x1086.jpg 768w, https:\/\/marquepageleognan.fr\/wordpress\/wp-content\/uploads\/2021\/07\/affiche2011.jpg 842w\" sizes=\"(max-width: 724px) 100vw, 724px\" \/><\/figure>\n\n\n\n<figure class=\"wp-block-image size-large\"><img loading=\"lazy\" width=\"602\" height=\"844\" data-id=\"141\"  src=\"https:\/\/marquepageleognan.fr\/wordpress\/wp-content\/uploads\/2021\/07\/affiche2012.jpg\" alt=\"\" class=\"wp-image-141\" srcset=\"https:\/\/marquepageleognan.fr\/wordpress\/wp-content\/uploads\/2021\/07\/affiche2012.jpg 602w, https:\/\/marquepageleognan.fr\/wordpress\/wp-content\/uploads\/2021\/07\/affiche2012-214x300.jpg 214w\" sizes=\"(max-width: 602px) 100vw, 602px\" \/><\/figure>\n\n\n\n<figure class=\"wp-block-image size-large\"><img loading=\"lazy\" width=\"1024\" height=\"729\" data-id=\"140\"  src=\"https:\/\/marquepageleognan.fr\/wordpress\/wp-content\/uploads\/2021\/07\/affiche2013-1024x729.jpg\" alt=\"\" class=\"wp-image-140\" srcset=\"https:\/\/marquepageleognan.fr\/wordpress\/wp-content\/uploads\/2021\/07\/affiche2013-1024x729.jpg 1024w, https:\/\/marquepageleognan.fr\/wordpress\/wp-content\/uploads\/2021\/07\/affiche2013-300x213.jpg 300w, https:\/\/marquepageleognan.fr\/wordpress\/wp-content\/uploads\/2021\/07\/affiche2013-768x547.jpg 768w, https:\/\/marquepageleognan.fr\/wordpress\/wp-content\/uploads\/2021\/07\/affiche2013.jpg 1179w\" sizes=\"(max-width: 1024px) 100vw, 1024px\" \/><\/figure>\n\n\n\n<figure class=\"wp-block-image size-large\"><img loading=\"lazy\" width=\"622\" height=\"887\" data-id=\"139\"  src=\"https:\/\/marquepageleognan.fr\/wordpress\/wp-content\/uploads\/2021\/07\/AFFICHE-Fete-du-livre-2014.jpg\" alt=\"\" class=\"wp-image-139\" srcset=\"https:\/\/marquepageleognan.fr\/wordpress\/wp-content\/uploads\/2021\/07\/AFFICHE-Fete-du-livre-2014.jpg 622w, https:\/\/marquepageleognan.fr\/wordpress\/wp-content\/uploads\/2021\/07\/AFFICHE-Fete-du-livre-2014-210x300.jpg 210w\" sizes=\"(max-width: 622px) 100vw, 622px\" \/><\/figure>\n\n\n\n<figure class=\"wp-block-image size-large\"><img loading=\"lazy\" width=\"724\" height=\"1024\" data-id=\"138\"  src=\"https:\/\/marquepageleognan.fr\/wordpress\/wp-content\/uploads\/2021\/07\/Affiche_fetelivreLEo15_A3-724x1024.jpg\" alt=\"\" class=\"wp-image-138\" srcset=\"https:\/\/marquepageleognan.fr\/wordpress\/wp-content\/uploads\/2021\/07\/Affiche_fetelivreLEo15_A3-724x1024.jpg 724w, https:\/\/marquepageleognan.fr\/wordpress\/wp-content\/uploads\/2021\/07\/Affiche_fetelivreLEo15_A3-212x300.jpg 212w, https:\/\/marquepageleognan.fr\/wordpress\/wp-content\/uploads\/2021\/07\/Affiche_fetelivreLEo15_A3-768x1086.jpg 768w, https:\/\/marquepageleognan.fr\/wordpress\/wp-content\/uploads\/2021\/07\/Affiche_fetelivreLEo15_A3-1086x1536.jpg 1086w, https:\/\/marquepageleognan.fr\/wordpress\/wp-content\/uploads\/2021\/07\/Affiche_fetelivreLEo15_A3-1448x2048.jpg 1448w, https:\/\/marquepageleognan.fr\/wordpress\/wp-content\/uploads\/2021\/07\/Affiche_fetelivreLEo15_A3-scaled.jpg 1810w\" sizes=\"(max-width: 724px) 100vw, 724px\" \/><\/figure>\n\n\n\n<figure class=\"wp-block-image size-large\"><img loading=\"lazy\" width=\"724\" height=\"1024\" data-id=\"135\"  src=\"https:\/\/marquepageleognan.fr\/wordpress\/wp-content\/uploads\/2021\/07\/affiche-724x1024.jpg\" alt=\"\" class=\"wp-image-135\" srcset=\"https:\/\/marquepageleognan.fr\/wordpress\/wp-content\/uploads\/2021\/07\/affiche-724x1024.jpg 724w, https:\/\/marquepageleognan.fr\/wordpress\/wp-content\/uploads\/2021\/07\/affiche-212x300.jpg 212w, https:\/\/marquepageleognan.fr\/wordpress\/wp-content\/uploads\/2021\/07\/affiche-768x1086.jpg 768w, https:\/\/marquepageleognan.fr\/wordpress\/wp-content\/uploads\/2021\/07\/affiche-1086x1536.jpg 1086w, https:\/\/marquepageleognan.fr\/wordpress\/wp-content\/uploads\/2021\/07\/affiche-1448x2048.jpg 1448w, https:\/\/marquepageleognan.fr\/wordpress\/wp-content\/uploads\/2021\/07\/affiche-scaled.jpg 1810w\" sizes=\"(max-width: 724px) 100vw, 724px\" \/><\/figure>\n\n\n\n<figure class=\"wp-block-image size-large\"><img loading=\"lazy\" width=\"748\" height=\"1024\" data-id=\"134\"  src=\"https:\/\/marquepageleognan.fr\/wordpress\/wp-content\/uploads\/2021\/07\/affiche-fdl-2017-748x1024.jpg\" alt=\"\" class=\"wp-image-134\" srcset=\"https:\/\/marquepageleognan.fr\/wordpress\/wp-content\/uploads\/2021\/07\/affiche-fdl-2017-748x1024.jpg 748w, https:\/\/marquepageleognan.fr\/wordpress\/wp-content\/uploads\/2021\/07\/affiche-fdl-2017-219x300.jpg 219w, https:\/\/marquepageleognan.fr\/wordpress\/wp-content\/uploads\/2021\/07\/affiche-fdl-2017-768x1052.jpg 768w, https:\/\/marquepageleognan.fr\/wordpress\/wp-content\/uploads\/2021\/07\/affiche-fdl-2017.jpg 1022w\" sizes=\"(max-width: 748px) 100vw, 748px\" \/><\/figure>\n\n\n\n<figure class=\"wp-block-image size-large\"><img loading=\"lazy\" width=\"724\" height=\"1024\" data-id=\"132\"  src=\"https:\/\/marquepageleognan.fr\/wordpress\/wp-content\/uploads\/2021\/07\/affiche-FDL-2018-724x1024.jpg\" alt=\"\" class=\"wp-image-132\" srcset=\"https:\/\/marquepageleognan.fr\/wordpress\/wp-content\/uploads\/2021\/07\/affiche-FDL-2018-724x1024.jpg 724w, https:\/\/marquepageleognan.fr\/wordpress\/wp-content\/uploads\/2021\/07\/affiche-FDL-2018-212x300.jpg 212w, https:\/\/marquepageleognan.fr\/wordpress\/wp-content\/uploads\/2021\/07\/affiche-FDL-2018-768x1086.jpg 768w, https:\/\/marquepageleognan.fr\/wordpress\/wp-content\/uploads\/2021\/07\/affiche-FDL-2018-1086x1536.jpg 1086w, https:\/\/marquepageleognan.fr\/wordpress\/wp-content\/uploads\/2021\/07\/affiche-FDL-2018-1448x2048.jpg 1448w, https:\/\/marquepageleognan.fr\/wordpress\/wp-content\/uploads\/2021\/07\/affiche-FDL-2018-scaled.jpg 1810w\" sizes=\"(max-width: 724px) 100vw, 724px\" \/><\/figure>\n\n\n\n<figure class=\"wp-block-image size-large\"><img loading=\"lazy\" width=\"736\" height=\"1024\" data-id=\"128\"  src=\"https:\/\/marquepageleognan.fr\/wordpress\/wp-content\/uploads\/2021\/07\/affiche-leognan-736x1024.jpg\" alt=\"\" class=\"wp-image-128\" srcset=\"https:\/\/marquepageleognan.fr\/wordpress\/wp-content\/uploads\/2021\/07\/affiche-leognan-736x1024.jpg 736w, https:\/\/marquepageleognan.fr\/wordpress\/wp-content\/uploads\/2021\/07\/affiche-leognan-216x300.jpg 216w, https:\/\/marquepageleognan.fr\/wordpress\/wp-content\/uploads\/2021\/07\/affiche-leognan-768x1068.jpg 768w, https:\/\/marquepageleognan.fr\/wordpress\/wp-content\/uploads\/2021\/07\/affiche-leognan-1105x1536.jpg 1105w, https:\/\/marquepageleognan.fr\/wordpress\/wp-content\/uploads\/2021\/07\/affiche-leognan-1473x2048.jpg 1473w, https:\/\/marquepageleognan.fr\/wordpress\/wp-content\/uploads\/2021\/07\/affiche-leognan-scaled.jpg 1841w\" sizes=\"(max-width: 736px) 100vw, 736px\" \/><figcaption>2019<\/figcaption><\/figure>\n\n\n\n<figure class=\"wp-block-image size-large\"><img loading=\"lazy\" width=\"724\" height=\"1024\" data-id=\"119\"  src=\"https:\/\/marquepageleognan.fr\/wordpress\/wp-content\/uploads\/2021\/07\/Fete-du-livre-2020-A3_page-0001-724x1024.jpg\" alt=\"\" class=\"wp-image-119\" srcset=\"https:\/\/marquepageleognan.fr\/wordpress\/wp-content\/uploads\/2021\/07\/Fete-du-livre-2020-A3_page-0001-724x1024.jpg 724w, https:\/\/marquepageleognan.fr\/wordpress\/wp-content\/uploads\/2021\/07\/Fete-du-livre-2020-A3_page-0001-212x300.jpg 212w, https:\/\/marquepageleognan.fr\/wordpress\/wp-content\/uploads\/2021\/07\/Fete-du-livre-2020-A3_page-0001-768x1086.jpg 768w, https:\/\/marquepageleognan.fr\/wordpress\/wp-content\/uploads\/2021\/07\/Fete-du-livre-2020-A3_page-0001-1086x1536.jpg 1086w, https:\/\/marquepageleognan.fr\/wordpress\/wp-content\/uploads\/2021\/07\/Fete-du-livre-2020-A3_page-0001-1448x2048.jpg 1448w, https:\/\/marquepageleognan.fr\/wordpress\/wp-content\/uploads\/2021\/07\/Fete-du-livre-2020-A3_page-0001.jpg 1754w\" sizes=\"(max-width: 724px) 100vw, 724px\" \/><figcaption>2020<\/figcaption><\/figure>\n\n\n\n<figure class=\"wp-block-image size-large\"><img loading=\"lazy\" width=\"1772\" height=\"2250\" data-id=\"360\"  src=\"https:\/\/marquepageleognan.fr\/wordpress\/wp-content\/uploads\/2021\/09\/LEOaffiche_page-0001-scaled-e1632314525544.jpg\" alt=\"Affiche 2021\" class=\"wp-image-360\" srcset=\"https:\/\/marquepageleognan.fr\/wordpress\/wp-content\/uploads\/2021\/09\/LEOaffiche_page-0001-scaled-e1632314525544.jpg 1772w, https:\/\/marquepageleognan.fr\/wordpress\/wp-content\/uploads\/2021\/09\/LEOaffiche_page-0001-scaled-e1632314525544-236x300.jpg 236w, https:\/\/marquepageleognan.fr\/wordpress\/wp-content\/uploads\/2021\/09\/LEOaffiche_page-0001-scaled-e1632314525544-806x1024.jpg 806w, https:\/\/marquepageleognan.fr\/wordpress\/wp-content\/uploads\/2021\/09\/LEOaffiche_page-0001-scaled-e1632314525544-768x975.jpg 768w, https:\/\/marquepageleognan.fr\/wordpress\/wp-content\/uploads\/2021\/09\/LEOaffiche_page-0001-scaled-e1632314525544-1210x1536.jpg 1210w, https:\/\/marquepageleognan.fr\/wordpress\/wp-content\/uploads\/2021\/09\/LEOaffiche_page-0001-scaled-e1632314525544-1613x2048.jpg 1613w\" sizes=\"(max-width: 1772px) 100vw, 1772px\" \/><\/figure>\n<\/figure>\n\n\n\n<p><\/p>\n","protected":false},"excerpt":{"rendered":"<p>F\u00eate du Livre 2024 F\u00eate du Livre 2023 Livres \u00e0 la rue 2023 F\u00eate du Livre 2022 F\u00eate du Livre 2021<\/p>\n","protected":false},"author":1,"featured_media":0,"parent":0,"menu_order":0,"comment_status":"closed","ping_status":"closed","template":"","meta":[],"_links":{"self":[{"href":"https:\/\/marquepageleognan.fr\/wordpress\/index.php\/wp-json\/wp\/v2\/pages\/332"}],"collection":[{"href":"https:\/\/marquepageleognan.fr\/wordpress\/index.php\/wp-json\/wp\/v2\/pages"}],"about":[{"href":"https:\/\/marquepageleognan.fr\/wordpress\/index.php\/wp-json\/wp\/v2\/types\/page"}],"author":[{"embeddable":true,"href":"https:\/\/marquepageleognan.fr\/wordpress\/index.php\/wp-json\/wp\/v2\/users\/1"}],"replies":[{"embeddable":true,"href":"https:\/\/marquepageleognan.fr\/wordpress\/index.php\/wp-json\/wp\/v2\/comments?post=332"}],"version-history":[{"count":7,"href":"https:\/\/marquepageleognan.fr\/wordpress\/index.php\/wp-json\/wp\/v2\/pages\/332\/revisions"}],"predecessor-version":[{"id":756,"href":"https:\/\/marquepageleognan.fr\/wordpress\/index.php\/wp-json\/wp\/v2\/pages\/332\/revisions\/756"}],"wp:attachment":[{"href":"https:\/\/marquepageleognan.fr\/wordpress\/index.php\/wp-json\/wp\/v2\/media?parent=332"}],"curies":[{"name":"wp","href":"https:\/\/api.w.org\/{rel}","templated":true}]}}