{"id":704,"date":"2024-10-22T12:21:11","date_gmt":"2024-10-22T10:21:11","guid":{"rendered":"https:\/\/marquepageleognan.fr\/wordpress\/?page_id=704"},"modified":"2024-11-12T12:39:07","modified_gmt":"2024-11-12T11:39:07","slug":"fete-du-livre-jeunesse-et-bd-2024","status":"publish","type":"page","link":"https:\/\/marquepageleognan.fr\/wordpress\/index.php\/fete-du-livre-jeunesse-et-bd-2024\/","title":{"rendered":"F\u00eate du Livre Jeunesse et BD 2024"},"content":{"rendered":"\n<p>T\u00e9l\u00e9charger le programme en PDF <a href=\"https:\/\/drive.google.com\/file\/d\/1yGPARlogVk6y7mNwnMgksEXEYG2dJM65\/view?usp=sharing\" target=\"_blank\" rel=\"noreferrer noopener\">ici<\/a><\/p>\n\n\n\n<div class=\"wp-container-3 wp-block-columns\">\n<div class=\"wp-container-1 wp-block-column has-pale-pink-color has-text-color\">\n<p class=\"has-black-color has-text-color\"><strong>Marjorie B\u00e9al<br>Alexandrine Civard-Racinais<br>Maxime Derouen<br>Arnaud Druelle<br>Sophie Dussaussois<br>Sil\u00e8ne Edgar<br>Ana\u00efs Halard<br>Pascale Moisset<br>Camille Piantanida, illustratrice de l&rsquo;affiche<br>Pauline Am\u00e9lie Pops<br>C\u00e9cile Elma Roger<br>Eric Simard<br>Thomas Verdois<br>Oriana Villalon<br>C\u00e9cile Zimmer<\/strong><\/p>\n<\/div>\n\n\n\n<div class=\"wp-container-2 wp-block-column\">\n<figure class=\"wp-block-image size-large\"><img loading=\"lazy\" width=\"745\" height=\"1024\" src=\"https:\/\/marquepageleognan.fr\/wordpress\/wp-content\/uploads\/2024\/10\/Affiche-Leognan-A4-couleur-745x1024.jpg\" alt=\"\" class=\"wp-image-705\" srcset=\"https:\/\/marquepageleognan.fr\/wordpress\/wp-content\/uploads\/2024\/10\/Affiche-Leognan-A4-couleur-745x1024.jpg 745w, https:\/\/marquepageleognan.fr\/wordpress\/wp-content\/uploads\/2024\/10\/Affiche-Leognan-A4-couleur-218x300.jpg 218w, https:\/\/marquepageleognan.fr\/wordpress\/wp-content\/uploads\/2024\/10\/Affiche-Leognan-A4-couleur-768x1056.jpg 768w, https:\/\/marquepageleognan.fr\/wordpress\/wp-content\/uploads\/2024\/10\/Affiche-Leognan-A4-couleur-1117x1536.jpg 1117w, https:\/\/marquepageleognan.fr\/wordpress\/wp-content\/uploads\/2024\/10\/Affiche-Leognan-A4-couleur-1489x2048.jpg 1489w, https:\/\/marquepageleognan.fr\/wordpress\/wp-content\/uploads\/2024\/10\/Affiche-Leognan-A4-couleur-scaled.jpg 1861w\" sizes=\"(max-width: 745px) 100vw, 745px\" \/><\/figure>\n<\/div>\n<\/div>\n\n\n\n<p>T\u00e9l\u00e9charger le programme en PDF <a href=\"https:\/\/drive.google.com\/file\/d\/1yGPARlogVk6y7mNwnMgksEXEYG2dJM65\/view?usp=sharing\" target=\"_blank\" rel=\"noreferrer noopener\">ici<\/a><\/p>\n\n\n\n<div class=\"wp-container-5 wp-block-columns\">\n<div class=\"wp-container-4 wp-block-column\" style=\"flex-basis:100%\">\n<figure class=\"wp-block-image size-large\"><img loading=\"lazy\" width=\"1024\" height=\"725\" src=\"https:\/\/marquepageleognan.fr\/wordpress\/wp-content\/uploads\/2024\/11\/Programme-Fete-du-Livre-2024-page-00001-3-1024x725.jpg\" alt=\"\" class=\"wp-image-727\" srcset=\"https:\/\/marquepageleognan.fr\/wordpress\/wp-content\/uploads\/2024\/11\/Programme-Fete-du-Livre-2024-page-00001-3-1024x725.jpg 1024w, https:\/\/marquepageleognan.fr\/wordpress\/wp-content\/uploads\/2024\/11\/Programme-Fete-du-Livre-2024-page-00001-3-300x212.jpg 300w, https:\/\/marquepageleognan.fr\/wordpress\/wp-content\/uploads\/2024\/11\/Programme-Fete-du-Livre-2024-page-00001-3-768x543.jpg 768w, https:\/\/marquepageleognan.fr\/wordpress\/wp-content\/uploads\/2024\/11\/Programme-Fete-du-Livre-2024-page-00001-3-1536x1087.jpg 1536w, https:\/\/marquepageleognan.fr\/wordpress\/wp-content\/uploads\/2024\/11\/Programme-Fete-du-Livre-2024-page-00001-3-2048x1449.jpg 2048w\" sizes=\"(max-width: 1024px) 100vw, 1024px\" \/><\/figure>\n<\/div>\n<\/div>\n","protected":false},"excerpt":{"rendered":"<p>T\u00e9l\u00e9charger le programme en PDF ici Marjorie B\u00e9alAlexandrine Civard-RacinaisMaxime DerouenArnaud DruelleSophie DussaussoisSil\u00e8ne EdgarAna\u00efs HalardPascale MoissetCamille Piantanida, illustratrice de l&rsquo;affichePauline Am\u00e9lie PopsC\u00e9cile Elma RogerEric SimardThomas VerdoisOriana VillalonC\u00e9cile Zimmer T\u00e9l\u00e9charger le programme en PDF&hellip;<\/p>\n<p><a class=\"excerpt-readmore\" href=\"https:\/\/marquepageleognan.fr\/wordpress\/index.php\/fete-du-livre-jeunesse-et-bd-2024\/\">Read More<\/a><\/p>\n","protected":false},"author":1,"featured_media":0,"parent":0,"menu_order":0,"comment_status":"closed","ping_status":"closed","template":"","meta":[],"_links":{"self":[{"href":"https:\/\/marquepageleognan.fr\/wordpress\/index.php\/wp-json\/wp\/v2\/pages\/704"}],"collection":[{"href":"https:\/\/marquepageleognan.fr\/wordpress\/index.php\/wp-json\/wp\/v2\/pages"}],"about":[{"href":"https:\/\/marquepageleognan.fr\/wordpress\/index.php\/wp-json\/wp\/v2\/types\/page"}],"author":[{"embeddable":true,"href":"https:\/\/marquepageleognan.fr\/wordpress\/index.php\/wp-json\/wp\/v2\/users\/1"}],"replies":[{"embeddable":true,"href":"https:\/\/marquepageleognan.fr\/wordpress\/index.php\/wp-json\/wp\/v2\/comments?post=704"}],"version-history":[{"count":9,"href":"https:\/\/marquepageleognan.fr\/wordpress\/index.php\/wp-json\/wp\/v2\/pages\/704\/revisions"}],"predecessor-version":[{"id":729,"href":"https:\/\/marquepageleognan.fr\/wordpress\/index.php\/wp-json\/wp\/v2\/pages\/704\/revisions\/729"}],"wp:attachment":[{"href":"https:\/\/marquepageleognan.fr\/wordpress\/index.php\/wp-json\/wp\/v2\/media?parent=704"}],"curies":[{"name":"wp","href":"https:\/\/api.w.org\/{rel}","templated":true}]}}