{"id":733,"date":"2025-04-28T11:20:46","date_gmt":"2025-04-28T09:20:46","guid":{"rendered":"https:\/\/marquepageleognan.fr\/wordpress\/?page_id=733"},"modified":"2025-04-28T11:23:05","modified_gmt":"2025-04-28T09:23:05","slug":"livres-a-la-rue-2025","status":"publish","type":"page","link":"https:\/\/marquepageleognan.fr\/wordpress\/index.php\/livres-a-la-rue-2025\/","title":{"rendered":"Livres \u00e0 la Rue 2025"},"content":{"rendered":"\n<p>Les inscriptions sont ouvertes !<br>Voici la <a href=\"https:\/\/drive.google.com\/file\/d\/1OQoL7jzSxFAjnzQ4E80cxst7H3lzzICE\/view?usp=drive_link\" target=\"_blank\" rel=\"noreferrer noopener\">Fiche d&rsquo;Inscription<\/a><\/p>\n\n\n\n<p>Le ch\u00e8que d&rsquo;inscription devra \u00eatre libell\u00e9 \u00e0 l&rsquo;ordre de \u00ab\u00a0Tr\u00e9sor Public\u00a0\u00bb <\/p>\n\n\n\n<figure class=\"wp-block-image size-large\"><img loading=\"lazy\" width=\"1024\" height=\"396\" src=\"https:\/\/marquepageleognan.fr\/wordpress\/wp-content\/uploads\/2025\/04\/bandeau-fb-inscription-1024x396.jpg\" alt=\"\" class=\"wp-image-734\" srcset=\"https:\/\/marquepageleognan.fr\/wordpress\/wp-content\/uploads\/2025\/04\/bandeau-fb-inscription-1024x396.jpg 1024w, https:\/\/marquepageleognan.fr\/wordpress\/wp-content\/uploads\/2025\/04\/bandeau-fb-inscription-300x116.jpg 300w, https:\/\/marquepageleognan.fr\/wordpress\/wp-content\/uploads\/2025\/04\/bandeau-fb-inscription-768x297.jpg 768w, https:\/\/marquepageleognan.fr\/wordpress\/wp-content\/uploads\/2025\/04\/bandeau-fb-inscription-1536x594.jpg 1536w, https:\/\/marquepageleognan.fr\/wordpress\/wp-content\/uploads\/2025\/04\/bandeau-fb-inscription.jpg 1757w\" sizes=\"(max-width: 1024px) 100vw, 1024px\" \/><figcaption> <\/figcaption><\/figure>\n\n\n\n<p>R\u00e9servation d\u2019un emplacement de 3m2. Le tarif est de 9,48 euros, le paiement se<br>fera par ch\u00e8que, \u00e0 l\u2019ordre du Tr\u00e9sor public, \u00e0 d\u00e9poser avant la manifestation \u00e0<br>l\u2019Espace Culturel Georges Brassens.<\/p>\n\n\n\n<ul><li>L\u2019installation des stands est pr\u00e9vue de 7h30 \u00e0 8h30 le samedi 7 juin 2025. A 18h00, l\u2019emplacement devra \u00eatre vide et propre.<\/li><li>Aucun v\u00e9hicule ne pourra acc\u00e9der ou rester sur place apr\u00e8s 8h30 et avant 17h00.<\/li><li>Aucun mat\u00e9riel ne sera fourni.<\/li><li>En cas de r\u00e9siliation d\u2019inscription, merci de pr\u00e9venir pour que d\u2019autres personnes puissent s\u2019inscrire.<\/li><li>La Mairie de L\u00e9ognan se r\u00e9serve le droit de refuser toute demande d\u2019inscription pour des raisons li\u00e9es \u00e0 l\u2019organisation ou \u00e0 la gestion de la manifestation et notamment lorsque la totalit\u00e9 des emplacements a \u00e9t\u00e9 attribu\u00e9e.<\/li><li>Contacts pour informations : Biblioth\u00e8que : 05.57.96.01.33 \/ Association MarquePage : 06.83.09.97.41<\/li><\/ul>\n\n\n\n<p>Toute l&rsquo;actualit\u00e9 \u00e0 venir sur la page Facebook  <a rel=\"noreferrer noopener\" href=\"https:\/\/www.facebook.com\/LivresALaRueLeognan\" data-type=\"URL\" data-id=\"https:\/\/www.facebook.com\/LivresALaRueLeognan\" target=\"_blank\">Livres \u00e0 la Rue<\/a> <\/p>\n","protected":false},"excerpt":{"rendered":"<p>Les inscriptions sont ouvertes !Voici la Fiche d&rsquo;Inscription Le ch\u00e8que d&rsquo;inscription devra \u00eatre libell\u00e9 \u00e0 l&rsquo;ordre de \u00ab\u00a0Tr\u00e9sor Public\u00a0\u00bb R\u00e9servation d\u2019un emplacement de 3m2. Le tarif est de 9,48 euros, le paiement&hellip;<\/p>\n<p><a class=\"excerpt-readmore\" href=\"https:\/\/marquepageleognan.fr\/wordpress\/index.php\/livres-a-la-rue-2025\/\">Read More<\/a><\/p>\n","protected":false},"author":1,"featured_media":0,"parent":0,"menu_order":0,"comment_status":"closed","ping_status":"closed","template":"","meta":[],"_links":{"self":[{"href":"https:\/\/marquepageleognan.fr\/wordpress\/index.php\/wp-json\/wp\/v2\/pages\/733"}],"collection":[{"href":"https:\/\/marquepageleognan.fr\/wordpress\/index.php\/wp-json\/wp\/v2\/pages"}],"about":[{"href":"https:\/\/marquepageleognan.fr\/wordpress\/index.php\/wp-json\/wp\/v2\/types\/page"}],"author":[{"embeddable":true,"href":"https:\/\/marquepageleognan.fr\/wordpress\/index.php\/wp-json\/wp\/v2\/users\/1"}],"replies":[{"embeddable":true,"href":"https:\/\/marquepageleognan.fr\/wordpress\/index.php\/wp-json\/wp\/v2\/comments?post=733"}],"version-history":[{"count":2,"href":"https:\/\/marquepageleognan.fr\/wordpress\/index.php\/wp-json\/wp\/v2\/pages\/733\/revisions"}],"predecessor-version":[{"id":736,"href":"https:\/\/marquepageleognan.fr\/wordpress\/index.php\/wp-json\/wp\/v2\/pages\/733\/revisions\/736"}],"wp:attachment":[{"href":"https:\/\/marquepageleognan.fr\/wordpress\/index.php\/wp-json\/wp\/v2\/media?parent=733"}],"curies":[{"name":"wp","href":"https:\/\/api.w.org\/{rel}","templated":true}]}}